{"id":393,"date":"2025-07-18T17:50:24","date_gmt":"2025-07-18T15:50:24","guid":{"rendered":"https:\/\/playnuzic.com\/?page_id=393"},"modified":"2026-04-08T17:47:08","modified_gmt":"2026-04-08T15:47:08","slug":"quienes-somos","status":"publish","type":"page","link":"https:\/\/playnuzic.com\/es\/quienes-somos\/","title":{"rendered":"Quienes Somos"},"content":{"rendered":"<p>[et_pb_section fb_built=\u00bb1&#8243; custom_padding_last_edited=\u00bbon|tablet\u00bb admin_label=\u00bbOur Guides\u00bb _builder_version=\u00bb4.16&#8243; custom_padding=\u00bb75px||110px|||\u00bb custom_padding_tablet=\u00bb60px||60px|\u00bb custom_padding_phone=\u00bb\u00bb global_colors_info=\u00bb{}\u00bb][et_pb_row custom_padding_last_edited=\u00bbon|tablet\u00bb admin_label=\u00bbOur Guides Title\u00bb _builder_version=\u00bb4.16&#8243; background_size=\u00bbinitial\u00bb background_position=\u00bbtop_left\u00bb background_repeat=\u00bbrepeat\u00bb custom_padding=\u00bb30px|0px|50px|0px||\u00bb custom_padding_tablet=\u00bb0px||0px|\u00bb custom_padding_phone=\u00bb\u00bb global_colors_info=\u00bb{}\u00bb][et_pb_column type=\u00bb4_4&#8243; _builder_version=\u00bb4.16&#8243; custom_padding=\u00bb|||\u00bb global_colors_info=\u00bb{}\u00bb custom_padding__hover=\u00bb|||\u00bb][et_pb_text admin_label=\u00bbTeam Title\u00bb _builder_version=\u00bb4.27.4&#8243; text_font=\u00bb||||\u00bb text_text_color=\u00bb#1a1a1a\u00bb header_font=\u00bb|800|||||||\u00bb header_text_align=\u00bbcenter\u00bb header_font_size=\u00bb60px\u00bb header_line_height=\u00bb1.3em\u00bb background_size=\u00bbinitial\u00bb background_position=\u00bbtop_left\u00bb background_repeat=\u00bbrepeat\u00bb module_alignment=\u00bbcenter\u00bb custom_margin=\u00bb|||\u00bb custom_padding=\u00bb|||\u00bb animation_style=\u00bbslide\u00bb animation_direction=\u00bbtop\u00bb animation_intensity_slide=\u00bb10%\u00bb locked=\u00bboff\u00bb global_colors_info=\u00bb{}\u00bb]<\/p>\n<h1>\u00bfQUIENES SOMOS?<\/h1>\n<p>[\/et_pb_text][et_pb_divider color=\u00bb#FFBB33&#8243; divider_position=\u00bbcenter\u00bb divider_weight=\u00bb3px\u00bb disabled_on=\u00bboff|off|off\u00bb _builder_version=\u00bb4.27.4&#8243; max_width=\u00bb150px\u00bb module_alignment=\u00bbcenter\u00bb height=\u00bbfalse\u00bb custom_margin=\u00bb30px|||\u00bb animation_style=\u00bbslide\u00bb animation_direction=\u00bbtop\u00bb animation_delay=\u00bb100ms\u00bb animation_intensity_slide=\u00bb10%\u00bb locked=\u00bboff\u00bb global_colors_info=\u00bb{}\u00bb][\/et_pb_divider][\/et_pb_column][\/et_pb_row][et_pb_row _builder_version=\u00bb4.27.4&#8243; _module_preset=\u00bbdefault\u00bb global_colors_info=\u00bb{}\u00bb][et_pb_column type=\u00bb4_4&#8243; _builder_version=\u00bb4.27.4&#8243; _module_preset=\u00bbdefault\u00bb global_colors_info=\u00bb{}\u00bb][et_pb_heading title=\u00bbDirecci\u00f3n y Departamento Pedag\u00f3gico\u00bb _builder_version=\u00bb4.27.4&#8243; _module_preset=\u00bbdefault\u00bb title_level=\u00bbh2&#8243; title_text_align=\u00bbcenter\u00bb global_colors_info=\u00bb{}\u00bb][\/et_pb_heading][\/et_pb_column][\/et_pb_row][et_pb_row column_structure=\u00bb1_4,1_4,1_4,1_4&#8243; admin_label=\u00bbGuides Grid\u00bb _builder_version=\u00bb4.27.6&#8243; custom_padding=\u00bb40px|0px|40px|0px\u00bb global_colors_info=\u00bb{}\u00bb][et_pb_column type=\u00bb1_4&#8243; admin_label=\u00bbColumn\u00bb _builder_version=\u00bb4.16&#8243; custom_padding=\u00bb|||\u00bb global_colors_info=\u00bb{}\u00bb custom_padding__hover=\u00bb|||\u00bb][et_pb_blurb title=\u00bbMauricio Villavecchia \u00bb image=\u00bbhttps:\/\/playnuzic.com\/wp-content\/uploads\/2026\/03\/foto-mau.jpg\u00bb _builder_version=\u00bb4.27.6&#8243; header_font_size=\u00bb24px\u00bb body_text_color=\u00bbrgba(0,0,0,0.6)\u00bb body_line_height=\u00bb1.6em\u00bb animation_style=\u00bbzoom\u00bb animation_intensity_zoom=\u00bb10%\u00bb locked=\u00bboff\u00bb global_colors_info=\u00bb{}\u00bb]Director de PlayNuzic<\/p>\n<p>Compositor, pedagogo musical y pianista. Mauricio es el creador de Nuzic y el alma impulsora de PlayNuzic. Cree profundamente en el poder de los n\u00fameros como puente entre el pensamiento matem\u00e1tico y la expresi\u00f3n art\u00edstica, y ha dedicado su trayectoria a transformar la forma en que aprendemos y vivimos la m\u00fasica.[\/et_pb_blurb][\/et_pb_column][et_pb_column type=\u00bb1_4&#8243; _builder_version=\u00bb4.16&#8243; custom_padding=\u00bb|||\u00bb global_colors_info=\u00bb{}\u00bb custom_padding__hover=\u00bb|||\u00bb][et_pb_blurb title=\u00bbXoan S\u00e1nchez\u00bb image=\u00bbhttps:\/\/playnuzic.com\/wp-content\/uploads\/2026\/03\/foto-xoan.jpg\u00bb _builder_version=\u00bb4.27.6&#8243; header_font_size=\u00bb24px\u00bb body_text_color=\u00bbrgba(0,0,0,0.6)\u00bb body_line_height=\u00bb1.6em\u00bb animation_style=\u00bbzoom\u00bb animation_intensity_zoom=\u00bb10%\u00bb locked=\u00bboff\u00bb global_colors_info=\u00bb{}\u00bb]<\/p>\n<p>Coordinador del proyecto<\/p>\n<p>Percusionista, compositor y pedagogo musical. Xoan coordina los contenidos y el enfoque educativo de PlayNuzic. Es uno de los talleristas del proyecto y dise\u00f1a experiencias de aprendizaje activas y creativas que conectan m\u00fasica, matem\u00e1ticas y tecnolog\u00eda desde una perspectiva STEAM.<\/p>\n<p>[\/et_pb_blurb][\/et_pb_column][et_pb_column type=\u00bb1_4&#8243; _builder_version=\u00bb4.27.4&#8243; _module_preset=\u00bbdefault\u00bb global_colors_info=\u00bb{}\u00bb][et_pb_blurb title=\u00bbMax Villavecchia\u00bb image=\u00bbhttps:\/\/playnuzic.com\/wp-content\/uploads\/2026\/03\/foto-max.jpg\u00bb _builder_version=\u00bb4.27.6&#8243; header_font_size=\u00bb24px\u00bb body_text_color=\u00bbrgba(0,0,0,0.6)\u00bb body_line_height=\u00bb1.6em\u00bb animation_style=\u00bbzoom\u00bb animation_intensity_zoom=\u00bb10%\u00bb locked=\u00bboff\u00bb global_colors_info=\u00bb{}\u00bb]<\/p>\n<p>Pedagogo musical<\/p>\n<p>Pianista y compositor, Max aporta a PlayNuzic una combinaci\u00f3n \u00fanica de sensibilidad art\u00edstica, solidez musical y un conocimiento profundo del lenguaje Nuzic. Con experiencia docente y una mirada creativa sobre el aprendizaje, dise\u00f1a talleres que conectan a los alumnos con la m\u00fasica a trav\u00e9s del descubrimiento, la curiosidad y el pensamiento matem\u00e1tico.<\/p>\n<p>[\/et_pb_blurb][\/et_pb_column][et_pb_column type=\u00bb1_4&#8243; _builder_version=\u00bb4.27.4&#8243; _module_preset=\u00bbdefault\u00bb global_colors_info=\u00bb{}\u00bb][et_pb_blurb title=\u00bbVer\u00f3nica S\u00e1nchez\u00bb image=\u00bbhttps:\/\/playnuzic.com\/wp-content\/uploads\/2026\/03\/foto-vero.jpg\u00bb _builder_version=\u00bb4.27.6&#8243; header_font_size=\u00bb24px\u00bb body_text_color=\u00bbrgba(0,0,0,0.6)\u00bb body_line_height=\u00bb1.6em\u00bb animation_style=\u00bbzoom\u00bb animation_intensity_zoom=\u00bb10%\u00bb locked=\u00bboff\u00bb global_colors_info=\u00bb{}\u00bb]<\/p>\n<p>\u00a0Asesora pedag\u00f3gica<\/p>\n<p>Docente y coordinadora curricular. Ver\u00f3nica asesora pedag\u00f3gicamente a PlayNuzic para que pueda integrarse con sentido en los centros educativos y responder a sus necesidades reales. Aporta criterio para afinar objetivos, metodolog\u00eda y evaluaci\u00f3n, y acompa\u00f1a al proyecto en la exploraci\u00f3n de nuevas v\u00edas de implementaci\u00f3n.<\/p>\n<p>[\/et_pb_blurb][\/et_pb_column][\/et_pb_row][et_pb_row _builder_version=\u00bb4.27.4&#8243; _module_preset=\u00bbdefault\u00bb global_colors_info=\u00bb{}\u00bb][et_pb_column type=\u00bb4_4&#8243; _builder_version=\u00bb4.27.4&#8243; _module_preset=\u00bbdefault\u00bb global_colors_info=\u00bb{}\u00bb][et_pb_heading title=\u00bbDepartamento de Comunicaci\u00f3n y Marketing\u00bb _builder_version=\u00bb4.27.4&#8243; _module_preset=\u00bbdefault\u00bb title_level=\u00bbh2&#8243; title_text_align=\u00bbcenter\u00bb global_colors_info=\u00bb{}\u00bb][\/et_pb_heading][\/et_pb_column][\/et_pb_row][et_pb_row column_structure=\u00bb1_3,1_3,1_3&#8243; admin_label=\u00bbGuides Grid\u00bb _builder_version=\u00bb4.27.6&#8243; width=\u00bb60%\u00bb width_tablet=\u00bb80%\u00bb width_phone=\u00bb80%\u00bb width_last_edited=\u00bbon|tablet\u00bb custom_padding=\u00bb40px|0px|40px|0px\u00bb global_colors_info=\u00bb{}\u00bb][et_pb_column type=\u00bb1_3&#8243; admin_label=\u00bbColumn\u00bb _builder_version=\u00bb4.27.6&#8243; custom_padding=\u00bb|||\u00bb global_colors_info=\u00bb{}\u00bb custom_padding__hover=\u00bb|||\u00bb][et_pb_blurb title=\u00bbMarta Villavecchia\u00bb image=\u00bbhttps:\/\/playnuzic.com\/wp-content\/uploads\/2026\/03\/foto-marta.jpg\u00bb _builder_version=\u00bb4.27.6&#8243; header_font_size=\u00bb24px\u00bb body_text_color=\u00bbrgba(0,0,0,0.6)\u00bb body_line_height=\u00bb1.6em\u00bb animation_style=\u00bbzoom\u00bb animation_intensity_zoom=\u00bb10%\u00bb locked=\u00bboff\u00bb global_colors_info=\u00bb{}\u00bb]<\/p>\n<p>Comunicaci\u00f3n y comunidad<\/p>\n<p>Dise\u00f1adora, comunicadora y emprendedora. Marta es quien da voz y rostro a PlayNuzic en el mundo digital. Se encarga de conectar con centros educativos, familias y comunidad a trav\u00e9s de las redes y acciones de difusi\u00f3n, acercando el proyecto a quienes m\u00e1s pueden disfrutarlo.<\/p>\n<p>[\/et_pb_blurb][\/et_pb_column][et_pb_column type=\u00bb1_3&#8243; _builder_version=\u00bb4.16&#8243; custom_padding=\u00bb|||\u00bb global_colors_info=\u00bb{}\u00bb custom_padding__hover=\u00bb|||\u00bb][et_pb_blurb title=\u00bbCarles Civit\u00bb image=\u00bbhttps:\/\/playnuzic.com\/wp-content\/uploads\/2026\/03\/foto-carles.jpg\u00bb _builder_version=\u00bb4.27.6&#8243; header_font_size=\u00bb24px\u00bb body_text_color=\u00bbrgba(0,0,0,0.6)\u00bb body_line_height=\u00bb1.6em\u00bb animation_style=\u00bbzoom\u00bb animation_intensity_zoom=\u00bb10%\u00bb locked=\u00bboff\u00bb global_colors_info=\u00bb{}\u00bb]<\/p>\n<p>Estrategia y marketing<\/p>\n<p>Especialista en marketing digital y consultor\u00eda estrat\u00e9gica. Carles ayuda a que PlayNuzic crezca de forma s\u00f3lida, acompa\u00f1ando el proyecto en su expansi\u00f3n y ayudando a posicionarlo como una propuesta educativa transformadora.<\/p>\n<p>[\/et_pb_blurb][\/et_pb_column][et_pb_column type=\u00bb1_3&#8243; _builder_version=\u00bb4.27.6&#8243; _module_preset=\u00bbdefault\u00bb global_colors_info=\u00bb{}\u00bb][et_pb_blurb title=\u00bbAinoa Pi\u00f1ol\u00bb image=\u00bbhttps:\/\/playnuzic.com\/wp-content\/uploads\/2026\/03\/foto-ainoa.jpg\u00bb _builder_version=\u00bb4.27.6&#8243; header_font_size=\u00bb24px\u00bb body_text_color=\u00bbrgba(0,0,0,0.6)\u00bb body_line_height=\u00bb1.6em\u00bb animation_style=\u00bbzoom\u00bb animation_intensity_zoom=\u00bb10%\u00bb locked=\u00bboff\u00bb global_colors_info=\u00bb{}\u00bb]<\/p>\n<p>Dise\u00f1o gr\u00e1fico<\/p>\n<p>Especialista en dise\u00f1o gr\u00e1fico, Ainoa es la responsable de dar forma visual a los conceptos de PlayNuzic, transformando las ideas en piezas gr\u00e1ficas atractivas y coherentes con la identidad del proyecto. Su trabajo es clave para construir y mantener una imagen s\u00f3lida y reconocible, presente tanto en las redes sociales como en el \u00e1mbito editorial.<\/p>\n<p>[\/et_pb_blurb][\/et_pb_column][\/et_pb_row][et_pb_row admin_label=\u00bbRow\u00bb _builder_version=\u00bb4.27.4&#8243; _module_preset=\u00bbdefault\u00bb global_colors_info=\u00bb{}\u00bb][et_pb_column type=\u00bb4_4&#8243; _builder_version=\u00bb4.27.4&#8243; _module_preset=\u00bbdefault\u00bb global_colors_info=\u00bb{}\u00bb][et_pb_heading title=\u00bbDepartamento Tecnol\u00f3gico\u00bb _builder_version=\u00bb4.27.4&#8243; _module_preset=\u00bbdefault\u00bb title_level=\u00bbh2&#8243; title_text_align=\u00bbcenter\u00bb global_colors_info=\u00bb{}\u00bb][\/et_pb_heading][\/et_pb_column][\/et_pb_row][et_pb_row column_structure=\u00bb1_4,1_4,1_4,1_4&#8243; admin_label=\u00bbGuides Grid\u00bb _builder_version=\u00bb4.16&#8243; custom_padding=\u00bb40px|0px|40px|0px\u00bb global_colors_info=\u00bb{}\u00bb][et_pb_column type=\u00bb1_4&#8243; admin_label=\u00bbColumn\u00bb _builder_version=\u00bb4.16&#8243; custom_padding=\u00bb|||\u00bb global_colors_info=\u00bb{}\u00bb custom_padding__hover=\u00bb|||\u00bb][et_pb_blurb title=\u00bbDiego Villal\u00f3n\u00bb image=\u00bbhttps:\/\/playnuzic.com\/wp-content\/uploads\/2026\/03\/foto-diego.jpg\u00bb _builder_version=\u00bb4.27.6&#8243; header_font_size=\u00bb24px\u00bb body_text_color=\u00bbrgba(0,0,0,0.6)\u00bb body_line_height=\u00bb1.6em\u00bb animation_style=\u00bbzoom\u00bb animation_intensity_zoom=\u00bb10%\u00bb locked=\u00bboff\u00bb global_colors_info=\u00bb{}\u00bb]<\/p>\n<p>Dise\u00f1o gr\u00e1fico y UX\/UI<\/p>\n<p>Dise\u00f1ador e investigador universitario. Diego est\u00e1 detr\u00e1s de la identidad visual de PlayNuzic y de la experiencia que viven quienes usan nuestras apps y nuestra web. Siempre con un enfoque accesible e inclusivo, dise\u00f1a para que todos puedan explorar el universo sonoro de los n\u00fameros.<\/p>\n<p>[\/et_pb_blurb][\/et_pb_column][et_pb_column type=\u00bb1_4&#8243; admin_label=\u00bbColumn\u00bb _builder_version=\u00bb4.16&#8243; custom_padding=\u00bb|||\u00bb global_colors_info=\u00bb{}\u00bb custom_padding__hover=\u00bb|||\u00bb][et_pb_blurb title=\u00bbNiccol\u00f2 Pizio\u00bb image=\u00bbhttps:\/\/playnuzic.com\/wp-content\/uploads\/2026\/03\/foto-nico.jpg\u00bb _builder_version=\u00bb4.27.6&#8243; header_font_size=\u00bb24px\u00bb body_text_color=\u00bbrgba(0,0,0,0.6)\u00bb body_line_height=\u00bb1.6em\u00bb animation_style=\u00bbzoom\u00bb animation_intensity_zoom=\u00bb10%\u00bb locked=\u00bboff\u00bb global_colors_info=\u00bb{}\u00bb]<\/p>\n<p>Desarrollador principal de aplicaciones<\/p>\n<p>Inform\u00e1tico especializado en desarrollo frontend y backend. Nicco es quien ha dado vida a las apps de PlayNuzic, integrando la tecnolog\u00eda con las necesidades pedag\u00f3gicas del proyecto. Su trabajo conecta la l\u00f3gica del c\u00f3digo con la l\u00f3gica musical.<\/p>\n<p>[\/et_pb_blurb][\/et_pb_column][et_pb_column type=\u00bb1_4&#8243; admin_label=\u00bbColumn\u00bb _builder_version=\u00bb4.16&#8243; custom_padding=\u00bb|||\u00bb global_colors_info=\u00bb{}\u00bb custom_padding__hover=\u00bb|||\u00bb][et_pb_blurb title=\u00bbHugo Prat\u00bb image=\u00bbhttps:\/\/playnuzic.com\/wp-content\/uploads\/2026\/03\/foto-hugo.jpg\u00bb _builder_version=\u00bb4.27.6&#8243; header_font_size=\u00bb24px\u00bb body_text_color=\u00bbrgba(0,0,0,0.6)\u00bb body_line_height=\u00bb1.6em\u00bb animation_style=\u00bbzoom\u00bb animation_intensity_zoom=\u00bb10%\u00bb locked=\u00bboff\u00bb global_colors_info=\u00bb{}\u00bb]<\/p>\n<p>Responsable t\u00e9cnico y CTO<\/p>\n<p>Desarrollador full-stack con una amplia trayectoria. Hugo se encarga del desarrollo tecnol\u00f3gico del proyecto, asegurando que la plataforma funcione con fluidez, seguridad y visi\u00f3n de futuro, convirtiendo las ideas en sistemas escalables y s\u00f3lidos.<\/p>\n<p>[\/et_pb_blurb][\/et_pb_column][et_pb_column type=\u00bb1_4&#8243; admin_label=\u00bbColumn\u00bb _builder_version=\u00bb4.16&#8243; custom_padding=\u00bb|||\u00bb global_colors_info=\u00bb{}\u00bb custom_padding__hover=\u00bb|||\u00bb][et_pb_blurb title=\u00bbAlbert Burcet\u00bb image=\u00bbhttps:\/\/playnuzic.com\/wp-content\/uploads\/2026\/03\/foto-albert.jpg\u00bb _builder_version=\u00bb4.27.6&#8243; header_font_size=\u00bb24px\u00bb body_text_color=\u00bbrgba(0,0,0,0.6)\u00bb body_line_height=\u00bb1.6em\u00bb animation_style=\u00bbzoom\u00bb animation_intensity_zoom=\u00bb10%\u00bb locked=\u00bboff\u00bb global_colors_info=\u00bb{}\u00bb]<\/p>\n<p>Responsable de investigaci\u00f3n y desarrollo<\/p>\n<p>Pianista e investigador, Albert centra su trabajo en el dise\u00f1o de entornos digitales que integran arte, ciencia y tecnolog\u00eda. Contribuye al desarrollo tecnol\u00f3gico del lenguaje Nuzic creando aplicaciones y herramientas interactivas que dan forma a la experiencia PlayNuzic y potencian su evoluci\u00f3n.<\/p>\n<p>[\/et_pb_blurb][\/et_pb_column][\/et_pb_row][\/et_pb_section][et_pb_section fb_built=\u00bb1&#8243; prev_background_color=\u00bb#ffffff\u00bb admin_label=\u00bbCTA\u00bb _builder_version=\u00bb4.27.4&#8243; background_color=\u00bb#eee8d8&#8243; background_enable_image=\u00bboff\u00bb parallax=\u00bbon\u00bb custom_margin=\u00bb|||\u00bb custom_padding=\u00bb0px|||\u00bb top_divider_style=\u00bbmountains\u00bb global_colors_info=\u00bb{}\u00bb][et_pb_row _builder_version=\u00bb4.27.4&#8243; _module_preset=\u00bbdefault\u00bb global_colors_info=\u00bb{}\u00bb][et_pb_column type=\u00bb4_4&#8243; _builder_version=\u00bb4.27.4&#8243; _module_preset=\u00bbdefault\u00bb global_colors_info=\u00bb{}\u00bb][\/et_pb_column][\/et_pb_row][\/et_pb_section]<\/p>\n","protected":false},"excerpt":{"rendered":"<p>\u00bfQUIENES SOMOS?Director de PlayNuzic Compositor, pedagogo musical y pianista. Mauricio es el creador de Nuzic y el alma impulsora de PlayNuzic. Cree profundamente en el poder de los n\u00fameros como puente entre el pensamiento matem\u00e1tico y la expresi\u00f3n art\u00edstica, y ha dedicado su trayectoria a transformar la forma en que aprendemos y vivimos la m\u00fasica.Coordinador [&hellip;]<\/p>\n","protected":false},"author":3,"featured_media":0,"parent":0,"menu_order":0,"comment_status":"closed","ping_status":"closed","template":"","meta":{"_et_pb_use_builder":"on","_et_pb_old_content":"","_et_gb_content_width":"","content-type":"","footnotes":""},"class_list":["post-393","page","type-page","status-publish","hentry"],"_links":{"self":[{"href":"https:\/\/playnuzic.com\/es\/wp-json\/wp\/v2\/pages\/393","targetHints":{"allow":["GET"]}}],"collection":[{"href":"https:\/\/playnuzic.com\/es\/wp-json\/wp\/v2\/pages"}],"about":[{"href":"https:\/\/playnuzic.com\/es\/wp-json\/wp\/v2\/types\/page"}],"author":[{"embeddable":true,"href":"https:\/\/playnuzic.com\/es\/wp-json\/wp\/v2\/users\/3"}],"replies":[{"embeddable":true,"href":"https:\/\/playnuzic.com\/es\/wp-json\/wp\/v2\/comments?post=393"}],"version-history":[{"count":13,"href":"https:\/\/playnuzic.com\/es\/wp-json\/wp\/v2\/pages\/393\/revisions"}],"predecessor-version":[{"id":1376,"href":"https:\/\/playnuzic.com\/es\/wp-json\/wp\/v2\/pages\/393\/revisions\/1376"}],"wp:attachment":[{"href":"https:\/\/playnuzic.com\/es\/wp-json\/wp\/v2\/media?parent=393"}],"curies":[{"name":"wp","href":"https:\/\/api.w.org\/{rel}","templated":true}]}}